{"id":6,"date":"2023-11-23T18:52:20","date_gmt":"2023-11-23T17:52:20","guid":{"rendered":"https:\/\/reemts.online\/index.php\/mesmerize\/"},"modified":"2025-04-24T11:25:40","modified_gmt":"2025-04-24T09:25:40","slug":"mesmerize","status":"publish","type":"page","link":"https:\/\/reemts.online\/","title":{"rendered":"Front Page"},"content":{"rendered":"<div  data-label=\"Content\" data-id=\"content--4\" data-export-id=\"content-7\" data-category=\"content\" class=\"content-7 content-section content-section-spacing content-relative\" id=\"content-4\" style=\"background-color: rgb(245, 250, 253);\"><div  class=\"section-separator-top\">\n    <svg  class=\"section-separator-top\" data-separator-name=\"triangle-asymmetrical-negative\" preserveAspectRatio=\"none\" viewBox=\"0 0 1000 100\" xmlns=\"http:\/\/www.w3.org\/2000\/svg\">\n        <path  class=\"svg-white-bg\" d=\"M737.9,94.7L0,0v100h1000V0L737.9,94.7z\"><\/path>\n    <\/svg>\n<\/div><div  class=\"gridContainer\"> <div  class=\"row middle-sm\"><div  class=\"col-sm-6 space-bottom-xs\" data-type=\"column\"> <h2  class=\"\">Externer Datenschutzbeauftragter<\/h2> <p  class=\"\">Willkommen bei reemts.online, Ihrem zuverl\u00e4ssigen Partner f\u00fcr Datenschutzl\u00f6sungen. Ich biete professionelle Dienstleistungen als externer Datenschutzbeauftragter, um sicherzustellen, dass Ihr Unternehmen alle gesetzlichen Anforderungen erf\u00fcllt und ihre Daten sicher sind.<\/p> <a  class=\"button color1\" href=\"https:\/\/reemts.online\/index.php\/externer-datenschutzbeauftrgter\" target=\"_self\" data-cp-link=\"1\" data-icon=\"\">Erfahren Sie mehr<\/a><\/div> <div  class=\"col-sm-6\" data-type=\"column\"> <img  decoding=\"async\" class=\"shadow-large\" src=\"https:\/\/reemts.online\/wp-content\/uploads\/2024\/09\/cropped-cropped-Re-Zertifikat-Ausbildung-zum-Externen-DSB-Herr-Christian-Reemts-1-scaled-1.jpg\" title=\"Re - Zertifikat - Ausbildung zum Externen DSB - Herr Christian Reemts-1\" alt=\"\"><\/div> <\/div><\/div> <div  class=\"section-separator-bottom\">\n    <svg  xmlns=\"http:\/\/www.w3.org\/2000\/svg\" viewBox=\"0 0 1000 100\" preserveAspectRatio=\"none\" data-separator-name=\"triangle-asymmetrical-negative\" class=\"section-separator-bottom\">\n\t<path  class=\"svg-white-bg\" d=\"M737.9,94.7L0,0v100h1000V0L737.9,94.7z\"><\/path>\n<\/svg>\n<\/div><\/div><div  data-label=\"Content\" data-id=\"content--5\" data-export-id=\"content-8\" data-category=\"content\" class=\"content-8 content-section content-section-spacing content-relative\" id=\"content-5\" style=\"background-color: rgb(255, 255, 255);\"><div  class=\"section-separator-top\">\n    <svg  class=\"section-separator-top\" data-separator-name=\"triangle-asymmetrical-negative\" preserveAspectRatio=\"none\" viewBox=\"0 0 1000 100\" xmlns=\"http:\/\/www.w3.org\/2000\/svg\">\n        <path  class=\"svg-white-bg\" d=\"M737.9,94.7L0,0v100h1000V0L737.9,94.7z\"><\/path>\n    <\/svg>\n<\/div><div  class=\"gridContainer\"> <div  class=\"row middle-sm\"><div  class=\"col-sm-6 space-bottom-xs space-top-xs\" data-type=\"column\"> <img  decoding=\"async\" class=\"shadow-large\" src=\"https:\/\/reemts.online\/wp-content\/uploads\/2024\/09\/cropped-Re-Zertifikat-Ausbildung-zum-Datenschutzauditor-Herr-Christian-Reemts-1-scaled-1.jpg\" title=\"Re - Zertifikat Ausbildung zum Datenschutzauditor - Herr Christian Reemts-1\" alt=\"\"><\/div> <div  class=\"col-sm-6\" data-type=\"column\"><h2  class=\"\">Datenschutzauditor<\/h2> <p  class=\"\">Willkommen bei Ihrem Experten f\u00fcr Datenschutz \u2013 Audits. Ich helfe Unternehmen dabei, ihre Datenschutzpraktiken zu \u00fcberpr\u00fcfen und sicherzustellen, dass sie den gesetzlichen Anforderungen entsprechen.<\/p> <a  class=\"button color1\" href=\"https:\/\/reemts.online\/index.php\/datenschutauditor\" target=\"_self\" data-cp-link=\"1\" data-icon=\"\">Erfahren Sie mehr<\/a><\/div> <\/div><\/div> <div  class=\"section-separator-bottom\">\n    <svg  class=\"section-separator-bottom\" data-separator-name=\"triangle-asymmetrical-negative\" preserveAspectRatio=\"none\" viewBox=\"0 0 1000 100\" xmlns=\"http:\/\/www.w3.org\/2000\/svg\">\n        <path  class=\"svg-white-bg\" d=\"M737.9,94.7L0,0v100h1000V0L737.9,94.7z\"><\/path>\n    <\/svg>\n<\/div><\/div><div  data-label=\"Content\" data-id=\"content--6\" data-export-id=\"content-7\" data-category=\"content\" class=\"content-7 content-section content-section-spacing content-relative\" id=\"content-6\" style=\"background-color: rgb(245, 250, 253);\"><div  class=\"section-separator-top\">\n    <svg  class=\"section-separator-top\" data-separator-name=\"triangle-asymmetrical-negative\" preserveAspectRatio=\"none\" viewBox=\"0 0 1000 100\" xmlns=\"http:\/\/www.w3.org\/2000\/svg\">\n        <path  class=\"svg-white-bg\" d=\"M737.9,94.7L0,0v100h1000V0L737.9,94.7z\"><\/path>\n    <\/svg>\n<\/div><div  class=\"gridContainer\"> <div  class=\"row middle-sm\"><div  class=\"col-sm-6 space-bottom-xs\" data-type=\"column\"> <h2  class=\"\">IT-Sicherheitsberater<\/h2> <p  class=\"\">Willkommen bei reemts.online, Ihrem vertrauensw\u00fcrdigen Partner f\u00fcr IT-Sicherheitsl\u00f6sungen. Wir helfen Unternehmen dabei, ihre IT-Infrastruktur zu sch\u00fctzen und Sicherheitsrisiken zu minimieren.<\/p> <a  class=\"button color1\" href=\"https:\/\/reemts.online\/index.php\/it-sicherheitsberater\" target=\"_self\" data-cp-link=\"1\" data-icon=\"\">Erfahren Sie mehr<\/a><\/div> <div  class=\"col-sm-6\" data-type=\"column\"> <img  decoding=\"async\" class=\"shadow-large\" src=\"https:\/\/reemts.online\/wp-content\/uploads\/2024\/09\/cropped-cropped-Zertifikat-Christian-Reemts_IT-Sicherheitsberater-1-scaled-1.jpg\" title=\"Zertifikat Christian Reemts_IT Sicherheitsberater-1\" alt=\"\"><\/div> <\/div><\/div> <div  class=\"section-separator-bottom\">\n    <svg  class=\"section-separator-bottom\" data-separator-name=\"triangle-asymmetrical-negative\" preserveAspectRatio=\"none\" viewBox=\"0 0 1000 100\" xmlns=\"http:\/\/www.w3.org\/2000\/svg\">\n        <path  class=\"svg-white-bg\" d=\"M737.9,94.7L0,0v100h1000V0L737.9,94.7z\"><\/path>\n    <\/svg>\n<\/div><\/div>","protected":false},"excerpt":{"rendered":"<p>Externer Datenschutzbeauftragter Willkommen bei reemts.online, Ihrem zuverl\u00e4ssigen Partner f\u00fcr Datenschutzl\u00f6sungen. Ich biete professionelle Dienstleistungen als externer Datenschutzbeauftragter, um sicherzustellen, dass Ihr Unternehmen alle gesetzlichen Anforderungen erf\u00fcllt und ihre Daten sicher sind. Erfahren Sie mehr Datenschutzauditor Willkommen bei Ihrem Experten f\u00fcr Datenschutz \u2013 Audits. Ich helfe Unternehmen dabei, ihre Datenschutzpraktiken zu \u00fcberpr\u00fcfen und sicherzustellen, dass sie&hellip; <br \/> <a class=\"read-more\" href=\"https:\/\/reemts.online\/\">Weiterlesen<\/a><\/p>\n","protected":false},"author":1,"featured_media":0,"parent":0,"menu_order":0,"comment_status":"closed","ping_status":"closed","template":"page-templates\/homepage.php","meta":{"footnotes":""},"class_list":["post-6","page","type-page","status-publish","hentry"],"_links":{"self":[{"href":"https:\/\/reemts.online\/index.php\/wp-json\/wp\/v2\/pages\/6","targetHints":{"allow":["GET"]}}],"collection":[{"href":"https:\/\/reemts.online\/index.php\/wp-json\/wp\/v2\/pages"}],"about":[{"href":"https:\/\/reemts.online\/index.php\/wp-json\/wp\/v2\/types\/page"}],"author":[{"embeddable":true,"href":"https:\/\/reemts.online\/index.php\/wp-json\/wp\/v2\/users\/1"}],"replies":[{"embeddable":true,"href":"https:\/\/reemts.online\/index.php\/wp-json\/wp\/v2\/comments?post=6"}],"version-history":[{"count":106,"href":"https:\/\/reemts.online\/index.php\/wp-json\/wp\/v2\/pages\/6\/revisions"}],"predecessor-version":[{"id":560,"href":"https:\/\/reemts.online\/index.php\/wp-json\/wp\/v2\/pages\/6\/revisions\/560"}],"wp:attachment":[{"href":"https:\/\/reemts.online\/index.php\/wp-json\/wp\/v2\/media?parent=6"}],"curies":[{"name":"wp","href":"https:\/\/api.w.org\/{rel}","templated":true}]}}